{"id":48,"date":"2017-09-17T21:58:26","date_gmt":"2017-09-17T19:58:26","guid":{"rendered":"http:\/\/iwonicz.pl\/?page_id=48"},"modified":"2017-09-17T21:58:26","modified_gmt":"2017-09-17T19:58:26","slug":"straz-pozarna","status":"publish","type":"page","link":"https:\/\/iwonicz.pl\/index.php\/straz-pozarna\/","title":{"rendered":"Stra\u017c po\u017carna"},"content":{"rendered":"<p align=\"justify\"><strong>Iwonicz<\/strong>\u00a0jest star\u0105 miejscowo\u015bci\u0105 o niezwykle bogatej historii pisanej ju\u017c przez sze\u015b\u0107 wiek\u00f3w w miejscach, gdzie najstarsze \u015blady bytowania cz\u0142owieka odkryte przez archeolog\u00f3w si\u0119gaj\u0105 4000 lat przed narodzeniem Chrystusa. W te bogate pradzieje pradzieje dzieje miejscowo\u015bci wpisa\u0142a si\u0119 w ostatnim stuleciu nasza Ochotnicza Stra\u017c Po\u017carna.<\/p>\n<p align=\"justify\">Dzieje Ochotniczych Stra\u017cy Po\u017carnych w dawnej Galicji, zwanych ongi\u015b Ochotniczymi Stra\u017cami Ogniowymi si\u0119gaj\u0105 lat 80-tych ubieg\u0142ego wieku. Jako pierwsza w \u00f3wczesnej Galicji powsta\u0142a z inicjatywy Prezydenta Miasta Krakowa Miko\u0142aja Zybligiewicza w 1887 roku Krakowska Ochotnicza Stra\u017c Ogniowa.<\/p>\n<p align=\"justify\">Impulsem do tworzenia ochotniczych stra\u017cy po\u017carnych, zwanych ogniowymi i ich wspierania przez samorz\u0105dy i lokaln\u0105 spo\u0142eczno\u015b\u0107 by\u0142y liczne, wybuchaj\u0105ce w miastach i na wsiach po\u017cary powoduj\u0105ce utrat\u0119 mienia i cz\u0119sto \u017cycia mieszka\u0144c\u00f3w. Po\u017cary takie mia\u0142y miejsce r\u00f3wnie\u017c w okolicach Iwonicza. Wymieni\u0107 tu mo\u017cna dla przyk\u0142adu po\u017cary w Dukli w latach 1888, po\u017car Krosna w 1893r. i innych miast, jak Brzozowa czy Biecza.<\/p>\n<p align=\"justify\">Corocznie\u00a0<em>\u201eczerwony kur\u201d<\/em>\u00a0pojawia\u0142 si\u0119 we wsiach Podkarpacia. W tych warunkach, gdy wi\u0119kszo\u015b\u0107 zabudowy galicyjskich miasteczek tworzy\u0142y drewniane dachy kryte gontem, a na wsi dominowa\u0142y drewniane chaty kryte strzech\u0105, tworzenie stra\u017cy by\u0142o nieodzowne.<\/p>\n<p align=\"justify\">W Iwoniczu Ochotnicz\u0105 Stra\u017c Po\u017carn\u0105\u00a0<strong>utworzono w 1990 roku.<\/strong>\u00a0W tym przynajmniej roku otrzyma\u0142a ona status prawny. S\u0105 te\u017c zdania, \u017ce powsta\u0142a rok lub dwa lata wcze\u015bniej. Inicjatorem i za\u0142o\u017cycielem Ochotniczej Stra\u017cy Ogniowej w Iwoniczu by\u0142 m\u0142ody\u00a0<strong>nauczyciel Karol Filipowicz<\/strong>, wielki patriota i spo\u0142ecznik, wychowawca wielu pokole\u0144 m\u0142odzie\u017cy. (Zmar\u0142 w 1936r.). W tworzeniu Stra\u017cy Ogniowej aktywny udzia\u0142 mia\u0142a Rada Gminy z \u00f3wczesnym w\u00f3jtem Kenarem.<\/p>\n<p align=\"center\"><img loading=\"lazy\" decoding=\"async\" src=\"http:\/\/localhost\/iwonicz\/images\/stories\/OSP\/7.gif\" alt=\" \" width=\"596\" height=\"842\" \/><\/p>\n<p><img loading=\"lazy\" decoding=\"async\" src=\"http:\/\/localhost\/iwonicz\/images\/stories\/OSP\/1.gif\" alt=\" \" width=\"638\" height=\"866\" \/><\/p>\n<p align=\"justify\">Inicjatyw\u0119 wspierali finansowo\u00a0<strong>dziedzice J\u00f3zef Hrabia Za\u0142uski i jego siostra Gemma<\/strong>\u00a0\u2013 wsp\u00f3\u0142w\u0142a\u015bciciele Iwonickiego Zak\u0142adu Zdrojowego. Oddzia\u0142 stra\u017cacki otrzyma\u0142 pe\u0142ne umundurowanie galowe z granatowego p\u0142\u00f3tna lnianego, ozdobne he\u0142my, pasy, toporki, sprz\u0119t ga\u015bniczy sk\u0142adaj\u0105cy si\u0119 z r\u0119cznej sikawki na wozie, bosak\u00f3w bosak\u00f3w i drabin. Konie na akcje dostarcza\u0142 dw\u00f3r. W pobli\u017cu ko\u015bcio\u0142a parafialnego stra\u017cacy otrzymali od\u00a0<strong>ks. Antoniego Podg\u00f3rskiego<\/strong>\u00a0dzia\u0142k\u0119, na kt\u00f3rej wzniesiono ma\u0142\u0105 remiz\u0119 na sprz\u0119t, a w Zdroju w rejonie obecnego parkingu zbudowano wie\u017c\u0119 obserwacyjn\u0105, s\u0142u\u017c\u0105c\u0105 tak\u017ce do \u0107wicze\u0144 stra\u017cackich. Miejscowa Stra\u017c Ogniowa przez pierwsze dwa dziesi\u0119ciolecia stanowi\u0142a jeden wsp\u00f3lny oddzia\u0142 dla ca\u0142ego Iwonicza. W tym okresie uczestniczy\u0142a przy gaszeniu po\u017car\u00f3w r\u00f3wnie\u017c poza miejscowo\u015bci\u0105 Iwonicz np. w Rogach, Klimk\u00f3wce, Miejscu Piastowym, Lubat\u00f3wce, Targowiskach, Wrocance, a w 1912 roku przy gaszeniu po\u017caru \u0141azienek Mineralnych w Romanowie Zdroju.<\/p>\n<p align=\"center\"><a href=\"http:\/\/localhost\/iwonicz\/images\/stories\/OSP\/2.jpg\" target=\"_blank\" rel=\"noopener\"><img loading=\"lazy\" decoding=\"async\" src=\"http:\/\/localhost\/iwonicz\/images\/stories\/OSP\/mini\/2.jpg\" alt=\" \" width=\"270\" height=\"191\" \/><\/a>\u00a0<a href=\"http:\/\/localhost\/iwonicz\/images\/stories\/OSP\/4.jpg\" target=\"_blank\" rel=\"noopener\"><img loading=\"lazy\" decoding=\"async\" src=\"http:\/\/localhost\/iwonicz\/images\/stories\/OSP\/mini\/4.jpg\" alt=\" \" width=\"300\" height=\"191\" \/><\/a><\/p>\n<p align=\"justify\">Obok statutowej dzia\u0142alno\u015bci miejscowy oddzia\u0142 stra\u017cy by\u0142 organizatorem i uczestnikiem obchod\u00f3w rocznic narodowych np. w 1990 roku 500 letniej rocznicy zwyci\u0119stwa pod Grunwaldem, kiedy uczestniczy\u0142 w obchodach wraz z miejscow\u0105 orkiestr\u0105. Wybuch<strong>\u00a0I wojny \u015bwiatowej w 1914 roku<\/strong>\u00a0zdekompletowa\u0142 miejscowy oddzia\u0142 stra\u017cacki. Wi\u0119kszo\u015b\u0107 stra\u017cak\u00f3w bra\u0142a aktywny udzia\u0142 w dzia\u0142aniach niepodleg\u0142o\u015bciowych. niepodleg\u0142o\u015bciowych okresie dwudziestolecia mi\u0119dzywojenngo Iwonicki Oddzia\u0142 Ochotniczej Stra\u017cy Po\u017carnej podzielony zosta\u0142 na dwie oddzielne jednostki w Iwoniczu i w Iwoniczu Zdroju. Jednostki wsp\u00f3\u0142dzia\u0142a\u0142y ze sob\u0105. W 1936 roku OSP w Iwoniczu otrzyma\u0142a od spo\u0142ecze\u0144stwa pierwszy sztandar, kt\u00f3ry zachowa\u0142 si\u0119 do chwili obecnej.<\/p>\n<p align=\"justify\">W czasie\u00a0<strong>II wojny \u015bwiatowej<\/strong>\u00a0w\u0142adze okupacyjne zachowa\u0142y organizacj\u0119 OSP z ich struktur\u0105 podporz\u0105dkowan\u0105 w\u0142adzom niemieckim. Mimo to, sztandar jednostki z god\u0142em narodowym, stra\u017cacy musieli ukrywa\u0107 w swych domach z nara\u017ceniem \u017cycia. Reaktywowana na prze\u0142omie 1994 i 1955 roku dzia\u0142alno\u015b\u0107 miejscowego Oddzia\u0142u Stra\u017cy Po\u017carnej w Iwoniczu nie ogranicza\u0142a si\u0119 do zabezpieczenia przeciwpo\u017carowego. Stra\u017cacy czynnie uczestniczyli w odbudowie miejscowo\u015bci zniszczonej frontem wojennym.<\/p>\n<p align=\"justify\">Lata czterdzieste nie przynios\u0142y wielkich zmian w dzia\u0142alno\u015bci OSP w Iwoniczu. Oddzia\u0142 liczy\u0142 16 do 20 cz\u0142onk\u00f3w. Kadr\u0119 i aktyw stanowili do\u015bwiadczeni jeszcze z lat mi\u0119dzywojennych stra\u017cacy, jak:\u00a0<em>Franciszek Rygiel \u2013 wieloletni prezes, Ludwik Kenar \u2013 komendant, Jan Penar, Stanis\u0142aw G\u0142adszy, Feliks Kandefer, Stanis\u0142aw J\u00f3zefczyk, W\u0142adys\u0142aw Gazda, Wojciech Pyter, Stanis\u0142aw Janik, J\u00f3zef Jakubowicza.<\/em><\/p>\n<p align=\"justify\">W\u00a0<strong>latach pi\u0119\u0107dziesi\u0105tych<\/strong>\u00a0zostaje wybudowana nowa remiza, w kt\u00f3rej znajduje si\u0119 gara\u017c i \u015bwietlica. W 1950 roku oddzia\u0142 OSP w Iwoniczu obchodzi swoje pi\u0119\u0107dziesi\u0119ciolecie. W tym dziesi\u0119cioleciudo oddzia\u0142u OSP wstapi\u0142owielu nowych druch\u00f3w. W latach 50-tych i 60-tych aktywny udzia\u0142 w OSP pe\u0142nili:\u00a0<em>Ludwik Kielar, Stanis\u0142aw J\u00f3zefczyk, Stanis\u0142aw Janik, Jan Nycz, Franciszek Rygiel, Feliks Kielar, Feliks Kandefer, Mieczys\u0142aw Kandefer, Wojciech Pyter, Stanis\u0142aw Kowalski, W\u0142adys\u0142aw Zaj\u0105c, Stanis\u0142aw Winiarski, J\u00f3zef Jakubowicza, Stanis\u0142aw Jakubowicza, Antoni Jakubowicza, J\u00f3zef Pyter, Karol Rygiel, Andrzej Krukar i inni<\/em>.<\/p>\n<p align=\"center\"><a href=\"http:\/\/localhost\/iwonicz\/images\/stories\/OSP\/6.jpg\" target=\"_blank\" rel=\"noopener\"><img loading=\"lazy\" decoding=\"async\" src=\"http:\/\/localhost\/iwonicz\/images\/stories\/OSP\/mini\/6.jpg\" alt=\" \" width=\"300\" height=\"201\" \/><\/a>\u00a0<a href=\"http:\/\/localhost\/iwonicz\/images\/stories\/OSP\/10.jpg\" target=\"_blank\" rel=\"noopener\"><img loading=\"lazy\" decoding=\"async\" src=\"http:\/\/localhost\/iwonicz\/images\/stories\/OSP\/mini\/10.jpg\" alt=\" \" width=\"310\" height=\"202\" \/><\/a><\/p>\n<p align=\"justify\"><strong>W 1960 roku, z okazji 60-lecia\u00a0<\/strong>istnienia OSP w Iwoniczu, wmurowano w \u015bcian\u0119 remizy tablic\u0119 upami\u0119tniaj\u0105c\u0105 t\u0119 rocznic\u0119. Nast\u0119pnie w 1974 roku z okazji zbli\u017caj\u0105cego si\u0119 75-lecia istnienia OSP jednostka otrzyma\u0142a nowy sztandar. Przez wszystkie te lata jednostka by\u0142a doposa\u017cona w sprz\u0119t ga\u015bniczy. I tak:<\/p>\n<ul>\n<li>\n<div align=\"justify\">w 1954 roku otrzyma\u0142a pierwsz\u0105 motopomp\u0119,<\/div>\n<\/li>\n<li>\n<div align=\"justify\">w 1956 pierwszy samoch\u00f3d marki Opel Adams,<\/div>\n<\/li>\n<li>\n<div align=\"justify\">w 1960 drugi samoch\u00f3d Star20 (skrzyniowy)<\/div>\n<\/li>\n<li>\n<div align=\"justify\">w 1962 pierwszy samoch\u00f3d typowo ga\u015bniczy Star 25GBA, kt\u00f3ry s\u0142u\u017cy\u0142 jednostce 20 lat.<\/div>\n<\/li>\n<\/ul>\n<p align=\"justify\">\n<p align=\"justify\"><strong>W 1982 roku<\/strong>\u00a0jednostka otrzyma\u0142a nowoczesny jak na ten czas samoch\u00f3d Star 244 GBA, kt\u00f3ry s\u0142u\u017cy do dnia dzisiejszego dzisiejszego i jest utrzymany w bardzo dobrym stanie. Nie spos\u00f3b wymieni\u0107 wszystkich stra\u017cak\u00f3w oraz mieszka\u0144c\u00f3w Iwonicza, kt\u00f3rzy brali aktywny udzia\u0142 w \u017cyciu jednostki, natomiast funkcj\u0119\u00a0<strong>prezesa OSP<\/strong>\u00a0pe\u0142nili:\u00a0<em>Karol Filipowicz, Stanis\u0142aw Rygiel, Ireneusz Hrabia Za\u0142uski, Franciszek Rygiel, Ludwik Kielar, Jan G\u0142adszy, J\u00f3zef G\u0142adszy, Mieczys\u0142aw Kandefer, Mieczys\u0142aw Kinel, Tadeusz Kuliga, Jerzy Biernacki.<\/em>\u00a0<strong>Komendantami,<\/strong>\u00a0a nast\u0119pnie naczelnikami byli:\u00a0<em>W\u0142adys\u0142aw Jakubowicza, Ludwik Kielar, Stanis\u0142aw J\u00f3zefczyk, Stanis\u0142aw Jakubowicza, J\u00f3zef Jakubowicza, J\u00f3zef Jakubowicza, J\u00f3zef Kandefer, Marian Kinel, Jan Rajchel, Jan Litwin.<\/em><\/p>\n<div><img loading=\"lazy\" decoding=\"async\" src=\"http:\/\/localhost\/iwonicz\/images\/stories\/OSP\/mini\/12.jpg\" alt=\" \" width=\"300\" height=\"199\" \/>\u00a0<img loading=\"lazy\" decoding=\"async\" src=\"http:\/\/localhost\/iwonicz\/images\/stories\/OSP\/mini\/14.jpg\" alt=\" \" width=\"300\" height=\"200\" \/><\/div>\n<p align=\"justify\">W ostatnich latach przeprowadzono remont remizy zar\u00f3wno wewn\u0105trz jak i na zewn\u0105trz budynku. Jednostka zosta\u0142a doposa\u017cona w nowoczesne mundury bojowe oraz zosta\u0142 uzupe\u0142niony sprz\u0119t ga\u015bniczy.\u00a0<strong>W 2000 roku z okazji 100-lecia<\/strong>wystawiono przed remiz\u0105 na postumencie pierwszy w\u00f3z stra\u017cacki, kt\u00f3ry liczy r\u00f3wnie\u017c 100 lat. Obecnie jednostka liczy 35 druch\u00f3w i osi\u0105ga wysokie wyniki w zawodach sportow \u2013 po\u017carniczych r\u00f3\u017cnego szczebla oraz podczas przeprowadzanych przez Pa\u0144stwow\u0105 Stra\u017c Po\u017carn\u0105 inspekcji gotowo\u015bci operacyjno-technicznych, a tak\u017ce bierze aktywny udzia\u0142 w dzia\u0142alno\u015bci spo\u0142ecznej na rzecz \u015brodowiska w imi\u0119 humanitarnej s\u0142u\u017cby dla spo\u0142ecze\u0144stwa i kraju ku chwale Bogu i Ojczy\u017anie.<\/p>\n","protected":false},"excerpt":{"rendered":"<p>Iwonicz\u00a0jest star\u0105 miejscowo\u015bci\u0105 o niezwykle bogatej historii pisanej ju\u017c przez sze\u015b\u0107 wiek\u00f3w w miejscach, gdzie najstarsze \u015blady bytowania cz\u0142owieka odkryte<\/p>\n","protected":false},"author":1,"featured_media":0,"parent":0,"menu_order":0,"comment_status":"closed","ping_status":"closed","template":"","meta":{"footnotes":""},"class_list":["post-48","page","type-page","status-publish","hentry","comments-off"],"publishpress_future_action":{"enabled":false,"date":"2026-05-05 00:15:53","action":"change-status","newStatus":"draft","terms":[],"taxonomy":""},"publishpress_future_workflow_manual_trigger":{"enabledWorkflows":[]},"_links":{"self":[{"href":"https:\/\/iwonicz.pl\/index.php\/wp-json\/wp\/v2\/pages\/48","targetHints":{"allow":["GET"]}}],"collection":[{"href":"https:\/\/iwonicz.pl\/index.php\/wp-json\/wp\/v2\/pages"}],"about":[{"href":"https:\/\/iwonicz.pl\/index.php\/wp-json\/wp\/v2\/types\/page"}],"author":[{"embeddable":true,"href":"https:\/\/iwonicz.pl\/index.php\/wp-json\/wp\/v2\/users\/1"}],"replies":[{"embeddable":true,"href":"https:\/\/iwonicz.pl\/index.php\/wp-json\/wp\/v2\/comments?post=48"}],"version-history":[{"count":1,"href":"https:\/\/iwonicz.pl\/index.php\/wp-json\/wp\/v2\/pages\/48\/revisions"}],"predecessor-version":[{"id":49,"href":"https:\/\/iwonicz.pl\/index.php\/wp-json\/wp\/v2\/pages\/48\/revisions\/49"}],"wp:attachment":[{"href":"https:\/\/iwonicz.pl\/index.php\/wp-json\/wp\/v2\/media?parent=48"}],"curies":[{"name":"wp","href":"https:\/\/api.w.org\/{rel}","templated":true}]}}